{"id":3752,"date":"2024-10-30T15:34:37","date_gmt":"2024-10-30T14:34:37","guid":{"rendered":"https:\/\/mwmenergy.lat\/?page_id=3752"},"modified":"2026-01-12T16:49:19","modified_gmt":"2026-01-12T15:49:19","slug":"disclaimer","status":"publish","type":"page","link":"https:\/\/mwmenergy.lat\/en\/disclaimer\/","title":{"rendered":"Disclaimer"},"content":{"rendered":"<p>[et_pb_section fb_built=&#8221;1&#8243; module_class=&#8221;header subpage&#8221; _builder_version=&#8221;4.27.2&#8243; _module_preset=&#8221;default&#8221; background_color=&#8221;#0065A6&#8243; background_image=&#8221;https:\/\/mwmenergy.lat\/wp-content\/uploads\/2024\/10\/MWM-in-Latin-America.webp&#8221; background_position=&#8221;top_left&#8221; background_vertical_offset=&#8221;0%&#8221; custom_padding=&#8221;0px||0px||true|false&#8221; custom_css_main_element=&#8221;padding-top: 0 !important;&#8221; global_colors_info=&#8221;{}&#8221;][et_pb_row _builder_version=&#8221;4.27.2&#8243; _module_preset=&#8221;default&#8221; background_image=&#8221;https:\/\/mwmenergy.lat\/wp-content\/uploads\/2024\/10\/READY-for-the-energy-transition-3.webp&#8221; background_size=&#8221;initial&#8221; background_position=&#8221;top_left&#8221; background_horizontal_offset=&#8221;30%&#8221; background_vertical_offset=&#8221;40%&#8221; width=&#8221;100%&#8221; max_width=&#8221;none&#8221; custom_padding=&#8221;0px||0px||true|false&#8221; background_last_edited=&#8221;off|desktop&#8221; global_colors_info=&#8221;{}&#8221;][et_pb_column type=&#8221;4_4&#8243; _builder_version=&#8221;4.27.0&#8243; _module_preset=&#8221;default&#8221; global_colors_info=&#8221;{}&#8221;][et_pb_slider show_arrows=&#8221;off&#8221; show_pagination=&#8221;off&#8221; _builder_version=&#8221;4.27.2&#8243; _module_preset=&#8221;default&#8221; header_font=&#8221;||||||||&#8221; background_color=&#8221;RGBA(255,255,255,0)&#8221; background_image=&#8221;https:\/\/mwmenergy.lat\/wp-content\/uploads\/2024\/10\/header-subpage-slider-bg_mir.png&#8221; background_size=&#8221;contain&#8221; background_position=&#8221;bottom_center&#8221; min_height_tablet=&#8221;500px&#8221; min_height_phone=&#8221;300px&#8221; min_height_last_edited=&#8221;off|desktop&#8221; hover_transition_speed_curve=&#8221;ease-in-out&#8221; text_orientation_tablet=&#8221;&#8221; text_orientation_phone=&#8221;&#8221; text_orientation_last_edited=&#8221;on|tablet&#8221; global_colors_info=&#8221;{}&#8221;][et_pb_slide _builder_version=&#8221;4.27.0&#8243; _module_preset=&#8221;default&#8221; global_colors_info=&#8221;{}&#8221; sticky_transition=&#8221;on&#8221;][\/et_pb_slide][\/et_pb_slider][\/et_pb_column][\/et_pb_row][\/et_pb_section][et_pb_section fb_built=&#8221;1&#8243; module_class=&#8221;content default&#8221; _builder_version=&#8221;4.27.2&#8243; _module_preset=&#8221;default&#8221; global_colors_info=&#8221;{}&#8221; custom_padding=&#8221;0px|||||&#8221;][et_pb_row _builder_version=&#8221;4.27.0&#8243; _module_preset=&#8221;default&#8221; custom_padding=&#8221;||0px|||&#8221; global_colors_info=&#8221;{}&#8221; theme_builder_area=&#8221;post_content&#8221;][et_pb_column type=&#8221;4_4&#8243; _builder_version=&#8221;4.27.0&#8243; _module_preset=&#8221;default&#8221; global_colors_info=&#8221;{}&#8221; theme_builder_area=&#8221;post_content&#8221;][dipi_breadcrumbs bc_home_icon=&#8221;on&#8221; _builder_version=&#8221;4.27.4&#8243; _module_preset=&#8221;default&#8221; global_colors_info=&#8221;{}&#8221; theme_builder_area=&#8221;post_content&#8221;][\/dipi_breadcrumbs][\/et_pb_column][\/et_pb_row][et_pb_row _builder_version=&#8221;4.27.0&#8243; _module_preset=&#8221;default&#8221; global_colors_info=&#8221;{}&#8221;][et_pb_column type=&#8221;4_4&#8243; _builder_version=&#8221;4.27.0&#8243; _module_preset=&#8221;default&#8221; global_colors_info=&#8221;{}&#8221;][et_pb_heading title=&#8221;Disclaimer&#8221; _builder_version=&#8221;4.27.2&#8243; _module_preset=&#8221;default&#8221; custom_margin=&#8221;||0px||false|false&#8221; global_colors_info=&#8221;{}&#8221;][\/et_pb_heading][et_pb_text _builder_version=&#8221;4.27.2&#8243; _module_preset=&#8221;default&#8221; custom_margin=&#8221;50px||||false|false&#8221; global_colors_info=&#8221;{}&#8221;]<\/p>\n<h2>Disclaimer Liability for Contents<\/h2>\n<p>The contents of our pages have been prepared with great care. However, we cannot guarantee that they are correct, complete, and up to date. Section 7 (1) of the German Telemedia Act (TMG) rules that as a service provider, we are responsible for our own contents on these pages according to the general laws. However, Sections 8 to 10 of the German Telemedia Act (TMG) rule that as a service provider, we are under no obligation to monitor transmitted or stored third-party information or to search for circumstances implying illegal activities. This does not affect the obligations to remove or block the use of information according to general laws. However, liability for such is only possible from the time that a concrete infringement becomes known. If such infringements become known, we will remove such contents without delay.<\/p>\n<h2>Liability for Links<\/h2>\n<p>Our Web site contains links to external third-party Web pages on whose contents we have no influence. Therefore, we cannot assume any liability for such third-party contents. The respective provider or operator is responsible for the contents of linked pages. The linked pages were reviewed for potential infringements when the links were set. Illegal contents were not evident at that time. However, permanent content screening of linked pages cannot be reasonably expected unless there are concrete indications for an infringement. If infringements become known, we will remove such links without delay.<\/p>\n<h2>Copyright<\/h2>\n<p>The contents and works on these pages, which were created by the site operator, are subject to German copyright law. Reproduction, processing, dissemination, and any kind of utilization outside the limits of the copyright are subject to the written approval of the respective author or creator. Downloads and copies of this site are only permitted for private, non-commercial use. In the case of contents on this site that were not created by the operator, the third-party copyrights shall be observed. Third-party contents will be explicitly designated as such. Should you still notice a copyright infringement, we would appreciate your feedback. If infringements become known, we will remove such contents without delay.[\/et_pb_text][\/et_pb_column][\/et_pb_row][\/et_pb_section][et_pb_section fb_built=&#8221;1&#8243; module_id=&#8221;topics&#8221; module_class=&#8221;section tags&#8221; _builder_version=&#8221;4.27.0&#8243; _module_preset=&#8221;default&#8221; background_image=&#8221;https:\/\/mwmenergy.lat\/wp-content\/uploads\/2024\/09\/white2-bg-scaled.jpg&#8221; global_colors_info=&#8221;{}&#8221;][et_pb_row _builder_version=&#8221;4.27.0&#8243; _module_preset=&#8221;default&#8221; global_colors_info=&#8221;{}&#8221;][et_pb_column type=&#8221;4_4&#8243; _builder_version=&#8221;4.27.0&#8243; _module_preset=&#8221;default&#8221; global_colors_info=&#8221;{}&#8221;][et_pb_heading title=&#8221;Our top Energy Topics&#8221; _builder_version=&#8221;4.27.0&#8243; _module_preset=&#8221;default&#8221; title_level=&#8221;h2&#8243; global_colors_info=&#8221;{}&#8221;][\/et_pb_heading][et_pb_text _builder_version=&#8221;4.27.0&#8243; _module_preset=&#8221;default&#8221; global_colors_info=&#8221;{}&#8221;]<div class=\"tags-list\"><a href='https:\/\/mwmenergy.lat\/en\/tag\/25h2-kit\/' title='25H2-Kit Tag' class='25h2-kit' style='font-size: 12.947368421053px; background-color: #0095da;'>25H2-Kit<\/a> <a href='https:\/\/mwmenergy.lat\/en\/tag\/chp-plant\/' title='CHP Plant Tag' class='chp-plant' style='font-size: 23.368421052632px; background-color: #0364a8;'>CHP Plant<\/a> <a href='https:\/\/mwmenergy.lat\/en\/tag\/cogeneration-power-plant\/' title='Cogeneration Power Plant Tag' class='cogeneration-power-plant' style='font-size: 14.842105263158px; background-color: #0095da;'>Cogeneration Power Plant<\/a> <a href='https:\/\/mwmenergy.lat\/en\/tag\/cogeneration-power-plant-pt-br\/' title='Cogeneration Power Plant Tag' class='cogeneration-power-plant-pt-br' style='font-size: 12px; background-color: #0095da;'>Cogeneration Power Plant<\/a> <a href='https:\/\/mwmenergy.lat\/en\/tag\/combined-heat-and-power-chp\/' title='Combined Heat and Power (CHP) Tag' class='combined-heat-and-power-chp' style='font-size: 19.578947368421px; background-color: #0364a8;'>Combined Heat and Power (CHP)<\/a> <a href='https:\/\/mwmenergy.lat\/en\/tag\/combined-heat-and-power-generation\/' title='Combined Heat and Power Generation Tag' class='combined-heat-and-power-generation' style='font-size: 17.684210526316px; background-color: #0095da;'>Combined Heat and Power Generation<\/a> <a href='https:\/\/mwmenergy.lat\/en\/tag\/container-cogeneration-plant\/' title='Container Cogeneration Plant Tag' class='container-cogeneration-plant' style='font-size: 13.894736842105px; background-color: #0095da;'>Container Cogeneration Plant<\/a> <a href='https:\/\/mwmenergy.lat\/en\/tag\/descarbonizacion-pt-br\/' title='Descarbonizaci\u00f3n Tag' class='descarbonizacion-pt-br' style='font-size: 12px; background-color: #0095da;'>Descarbonizaci\u00f3n<\/a> <a href='https:\/\/mwmenergy.lat\/en\/tag\/distributed-power-generation\/' title='Distributed Power Generation Tag' class='distributed-power-generation' style='font-size: 17.684210526316px; background-color: #0095da;'>Distributed Power Generation<\/a> <a href='https:\/\/mwmenergy.lat\/en\/tag\/energy-transition\/' title='Energy Transition Tag' class='energy-transition' style='font-size: 16.736842105263px; background-color: #0095da;'>Energy Transition<\/a> <a href='https:\/\/mwmenergy.lat\/en\/tag\/fabricas-de-celulose-e-papel\/' title='F\u00e1bricas de Celulose e Papel Tag' class='fabricas-de-celulose-e-papel' style='font-size: 12px; background-color: #0095da;'>F\u00e1bricas de Celulose e Papel<\/a> <a href='https:\/\/mwmenergy.lat\/en\/tag\/gas-engine\/' title='Gas Engine Tag' class='gas-engine' style='font-size: 30px; background-color: #014572;'>Gas Engine<\/a> <a href='https:\/\/mwmenergy.lat\/en\/tag\/gas-de-depuradora-pt-br\/' title='Gas de Depuradora Tag' class='gas-de-depuradora-pt-br' style='font-size: 12px; background-color: #0095da;'>Gas de Depuradora<\/a> <a href='https:\/\/mwmenergy.lat\/en\/tag\/hydrogen\/' title='Hydrogen Tag' class='hydrogen' style='font-size: 15.789473684211px; background-color: #0095da;'>Hydrogen<\/a> <a href='https:\/\/mwmenergy.lat\/en\/tag\/planta-chp-pt-br\/' title='Planta CHP Tag' class='planta-chp-pt-br' style='font-size: 22.421052631579px; background-color: #0364a8;'>Planta CHP<\/a> <a href='https:\/\/mwmenergy.lat\/en\/tag\/power-generation\/' title='Power Generation Tag' class='power-generation' style='font-size: 13.894736842105px; background-color: #0095da;'>Power Generation<\/a> <a href='https:\/\/mwmenergy.lat\/en\/tag\/produccion-combinada-de-calor-y-electricidad-pt-br\/' title='Producci\u00f3n Combinada de Calor y Electricidad Tag' class='produccion-combinada-de-calor-y-electricidad-pt-br' style='font-size: 15.789473684211px; background-color: #0095da;'>Producci\u00f3n Combinada de Calor y Electricidad<\/a> <a href='https:\/\/mwmenergy.lat\/en\/tag\/productores-de-energia-y-produtores-independentes-de-energia-pt-br\/' title='Productores de Energ\u00eda y Produtores Independentes de Energia Tag' class='productores-de-energia-y-produtores-independentes-de-energia-pt-br' style='font-size: 12.947368421053px; background-color: #0095da;'>Productores de Energ\u00eda y Produtores Independentes de Energia<\/a> <a href='https:\/\/mwmenergy.lat\/en\/tag\/productores-de-energia-y-produtores-independentes-de-energia-ipp-pt-br\/' title='Productores de Energ\u00eda y Produtores Independentes de Energia (IPP) Tag' class='productores-de-energia-y-produtores-independentes-de-energia-ipp-pt-br' style='font-size: 12px; background-color: #0095da;'>Productores de Energ\u00eda y Produtores Independentes de Energia (IPP)<\/a> <a href='https:\/\/mwmenergy.lat\/en\/tag\/refinaria-e-petroquimica\/' title='Refinaria e Petroqu\u00edmica Tag' class='refinaria-e-petroquimica' style='font-size: 12px; background-color: #0095da;'>Refinaria e Petroqu\u00edmica<\/a> <a href='https:\/\/mwmenergy.lat\/en\/tag\/refineria-y-petroquimica-pt-br\/' title='Refiner\u00eda y Petroquimica Tag' class='refineria-y-petroquimica-pt-br' style='font-size: 12px; background-color: #0095da;'>Refiner\u00eda y Petroquimica<\/a> <a href='https:\/\/mwmenergy.lat\/en\/tag\/soluciones-energeticas-pt-br\/' title='Soluciones Energ\u00e9ticas Tag' class='soluciones-energeticas-pt-br' style='font-size: 12px; background-color: #0095da;'>Soluciones Energ\u00e9ticas<\/a> <a href='https:\/\/mwmenergy.lat\/en\/tag\/tcg-2020\/' title='TCG 2020 Tag' class='tcg-2020' style='font-size: 15.789473684211px; background-color: #0095da;'>TCG 2020<\/a> <a href='https:\/\/mwmenergy.lat\/en\/tag\/tcg-2032\/' title='TCG 2032 Tag' class='tcg-2032' style='font-size: 14.842105263158px; background-color: #0095da;'>TCG 2032<\/a> <a href='https:\/\/mwmenergy.lat\/en\/tag\/tcg-3016\/' title='TCG 3016 Tag' class='tcg-3016' style='font-size: 15.789473684211px; background-color: #0095da;'>TCG 3016<\/a> <a href='https:\/\/mwmenergy.lat\/en\/tag\/tcg-3016-v16-s\/' title='TCG 3016 V16 S Tag' class='tcg-3016-v16-s' style='font-size: 14.842105263158px; background-color: #0095da;'>TCG 3016 V16 S<\/a> <a href='https:\/\/mwmenergy.lat\/en\/tag\/tcg-3020\/' title='TCG 3020 Tag' class='tcg-3020' style='font-size: 14.842105263158px; background-color: #0095da;'>TCG 3020<\/a> <a href='https:\/\/mwmenergy.lat\/en\/tag\/transicion-energetica-pt-br\/' title='Transici\u00f3n Energ\u00e9tica Tag' class='transicion-energetica-pt-br' style='font-size: 12.947368421053px; background-color: #0095da;'>Transici\u00f3n Energ\u00e9tica<\/a> <a href='https:\/\/mwmenergy.lat\/en\/tag\/utilities-and-independent-power-producers-ipp\/' title='Utilities and Independent Power Producers (IPP) Tag' class='utilities-and-independent-power-producers-ipp' style='font-size: 15.789473684211px; background-color: #0095da;'>Utilities and Independent Power Producers (IPP)<\/a> <a href='https:\/\/mwmenergy.lat\/en\/tag\/waste-to-energy-wte\/' title='Waste to Energy (WtE) Tag' class='waste-to-energy-wte' style='font-size: 15.789473684211px; background-color: #0095da;'>Waste to Energy (WtE)<\/a> <\/div>[\/et_pb_text][et_pb_code _builder_version=&#8221;4.27.0&#8243; _module_preset=&#8221;default&#8221; global_colors_info=&#8221;{}&#8221;][\/et_pb_code][\/et_pb_column][\/et_pb_row][\/et_pb_section]<\/p>\n","protected":false},"excerpt":{"rendered":"<p>Disclaimer<\/p>\n","protected":false},"author":2,"featured_media":3973,"parent":0,"menu_order":0,"comment_status":"closed","ping_status":"closed","template":"","meta":{"_et_pb_use_builder":"on","_et_pb_old_content":"","_et_gb_content_width":"","footnotes":""},"categories":[],"tags":[],"dipi_cpt_category":[],"class_list":["post-3752","page","type-page","status-publish","has-post-thumbnail","hentry"],"yoast_head":"<!-- This site is optimized with the Yoast SEO plugin v27.2 - https:\/\/yoast.com\/product\/yoast-seo-wordpress\/ -->\n<title>Disclaimer - MWM<\/title>\n<meta name=\"description\" content=\"Disclaimer\" \/>\n<meta name=\"robots\" content=\"index, follow, max-snippet:-1, max-image-preview:large, max-video-preview:-1\" \/>\n<link rel=\"canonical\" href=\"https:\/\/mwmenergy.lat\/en\/disclaimer\/\" \/>\n<meta property=\"og:locale\" content=\"en_US\" \/>\n<meta property=\"og:type\" content=\"article\" \/>\n<meta property=\"og:title\" content=\"Disclaimer - MWM\" \/>\n<meta property=\"og:description\" content=\"Disclaimer\" \/>\n<meta property=\"og:url\" content=\"https:\/\/mwmenergy.lat\/en\/disclaimer\/\" \/>\n<meta property=\"og:site_name\" content=\"MWM\" \/>\n<meta property=\"article:modified_time\" content=\"2026-01-12T15:49:19+00:00\" \/>\n<meta property=\"og:image\" content=\"https:\/\/mwmenergy.lat\/wp-content\/uploads\/2024\/11\/READY-for-the-energy-transition-MWM.jpg\" \/>\n\t<meta property=\"og:image:width\" content=\"1200\" \/>\n\t<meta property=\"og:image:height\" content=\"601\" \/>\n\t<meta property=\"og:image:type\" content=\"image\/jpeg\" \/>\n<meta name=\"twitter:card\" content=\"summary_large_image\" \/>\n<meta name=\"twitter:label1\" content=\"Est. reading time\" \/>\n\t<meta name=\"twitter:data1\" content=\"3 minutes\" \/>\n<script type=\"application\/ld+json\" class=\"yoast-schema-graph\">{\"@context\":\"https:\/\/schema.org\",\"@graph\":[{\"@type\":\"WebPage\",\"@id\":\"https:\/\/mwmenergy.lat\/en\/disclaimer\/\",\"url\":\"https:\/\/mwmenergy.lat\/en\/disclaimer\/\",\"name\":\"Disclaimer - MWM\",\"isPartOf\":{\"@id\":\"https:\/\/mwmenergy.lat\/en\/#website\"},\"primaryImageOfPage\":{\"@id\":\"https:\/\/mwmenergy.lat\/en\/disclaimer\/#primaryimage\"},\"image\":{\"@id\":\"https:\/\/mwmenergy.lat\/en\/disclaimer\/#primaryimage\"},\"thumbnailUrl\":\"https:\/\/mwmenergy.lat\/wp-content\/uploads\/2024\/11\/READY-for-the-energy-transition-MWM.jpg\",\"datePublished\":\"2024-10-30T14:34:37+00:00\",\"dateModified\":\"2026-01-12T15:49:19+00:00\",\"description\":\"Disclaimer\",\"breadcrumb\":{\"@id\":\"https:\/\/mwmenergy.lat\/en\/disclaimer\/#breadcrumb\"},\"inLanguage\":\"en-US\",\"potentialAction\":[{\"@type\":\"ReadAction\",\"target\":[\"https:\/\/mwmenergy.lat\/en\/disclaimer\/\"]}]},{\"@type\":\"ImageObject\",\"inLanguage\":\"en-US\",\"@id\":\"https:\/\/mwmenergy.lat\/en\/disclaimer\/#primaryimage\",\"url\":\"https:\/\/mwmenergy.lat\/wp-content\/uploads\/2024\/11\/READY-for-the-energy-transition-MWM.jpg\",\"contentUrl\":\"https:\/\/mwmenergy.lat\/wp-content\/uploads\/2024\/11\/READY-for-the-energy-transition-MWM.jpg\",\"width\":1200,\"height\":601,\"caption\":\"READY for the energy transition\"},{\"@type\":\"BreadcrumbList\",\"@id\":\"https:\/\/mwmenergy.lat\/en\/disclaimer\/#breadcrumb\",\"itemListElement\":[{\"@type\":\"ListItem\",\"position\":1,\"name\":\"Startseite\",\"item\":\"https:\/\/mwmenergy.lat\/en\/\"},{\"@type\":\"ListItem\",\"position\":2,\"name\":\"Disclaimer\"}]},{\"@type\":\"WebSite\",\"@id\":\"https:\/\/mwmenergy.lat\/en\/#website\",\"url\":\"https:\/\/mwmenergy.lat\/en\/\",\"name\":\"MWM\",\"description\":\"READY for new power\",\"potentialAction\":[{\"@type\":\"SearchAction\",\"target\":{\"@type\":\"EntryPoint\",\"urlTemplate\":\"https:\/\/mwmenergy.lat\/en\/?s={search_term_string}\"},\"query-input\":{\"@type\":\"PropertyValueSpecification\",\"valueRequired\":true,\"valueName\":\"search_term_string\"}}],\"inLanguage\":\"en-US\"}]}<\/script>\n<!-- \/ Yoast SEO plugin. -->","yoast_head_json":{"title":"Disclaimer - MWM","description":"Disclaimer","robots":{"index":"index","follow":"follow","max-snippet":"max-snippet:-1","max-image-preview":"max-image-preview:large","max-video-preview":"max-video-preview:-1"},"canonical":"https:\/\/mwmenergy.lat\/en\/disclaimer\/","og_locale":"en_US","og_type":"article","og_title":"Disclaimer - MWM","og_description":"Disclaimer","og_url":"https:\/\/mwmenergy.lat\/en\/disclaimer\/","og_site_name":"MWM","article_modified_time":"2026-01-12T15:49:19+00:00","og_image":[{"width":1200,"height":601,"url":"https:\/\/mwmenergy.lat\/wp-content\/uploads\/2024\/11\/READY-for-the-energy-transition-MWM.jpg","type":"image\/jpeg"}],"twitter_card":"summary_large_image","twitter_misc":{"Est. reading time":"3 minutes"},"schema":{"@context":"https:\/\/schema.org","@graph":[{"@type":"WebPage","@id":"https:\/\/mwmenergy.lat\/en\/disclaimer\/","url":"https:\/\/mwmenergy.lat\/en\/disclaimer\/","name":"Disclaimer - MWM","isPartOf":{"@id":"https:\/\/mwmenergy.lat\/en\/#website"},"primaryImageOfPage":{"@id":"https:\/\/mwmenergy.lat\/en\/disclaimer\/#primaryimage"},"image":{"@id":"https:\/\/mwmenergy.lat\/en\/disclaimer\/#primaryimage"},"thumbnailUrl":"https:\/\/mwmenergy.lat\/wp-content\/uploads\/2024\/11\/READY-for-the-energy-transition-MWM.jpg","datePublished":"2024-10-30T14:34:37+00:00","dateModified":"2026-01-12T15:49:19+00:00","description":"Disclaimer","breadcrumb":{"@id":"https:\/\/mwmenergy.lat\/en\/disclaimer\/#breadcrumb"},"inLanguage":"en-US","potentialAction":[{"@type":"ReadAction","target":["https:\/\/mwmenergy.lat\/en\/disclaimer\/"]}]},{"@type":"ImageObject","inLanguage":"en-US","@id":"https:\/\/mwmenergy.lat\/en\/disclaimer\/#primaryimage","url":"https:\/\/mwmenergy.lat\/wp-content\/uploads\/2024\/11\/READY-for-the-energy-transition-MWM.jpg","contentUrl":"https:\/\/mwmenergy.lat\/wp-content\/uploads\/2024\/11\/READY-for-the-energy-transition-MWM.jpg","width":1200,"height":601,"caption":"READY for the energy transition"},{"@type":"BreadcrumbList","@id":"https:\/\/mwmenergy.lat\/en\/disclaimer\/#breadcrumb","itemListElement":[{"@type":"ListItem","position":1,"name":"Startseite","item":"https:\/\/mwmenergy.lat\/en\/"},{"@type":"ListItem","position":2,"name":"Disclaimer"}]},{"@type":"WebSite","@id":"https:\/\/mwmenergy.lat\/en\/#website","url":"https:\/\/mwmenergy.lat\/en\/","name":"MWM","description":"READY for new power","potentialAction":[{"@type":"SearchAction","target":{"@type":"EntryPoint","urlTemplate":"https:\/\/mwmenergy.lat\/en\/?s={search_term_string}"},"query-input":{"@type":"PropertyValueSpecification","valueRequired":true,"valueName":"search_term_string"}}],"inLanguage":"en-US"}]}},"_links":{"self":[{"href":"https:\/\/mwmenergy.lat\/en\/wp-json\/wp\/v2\/pages\/3752","targetHints":{"allow":["GET"]}}],"collection":[{"href":"https:\/\/mwmenergy.lat\/en\/wp-json\/wp\/v2\/pages"}],"about":[{"href":"https:\/\/mwmenergy.lat\/en\/wp-json\/wp\/v2\/types\/page"}],"author":[{"embeddable":true,"href":"https:\/\/mwmenergy.lat\/en\/wp-json\/wp\/v2\/users\/2"}],"replies":[{"embeddable":true,"href":"https:\/\/mwmenergy.lat\/en\/wp-json\/wp\/v2\/comments?post=3752"}],"version-history":[{"count":7,"href":"https:\/\/mwmenergy.lat\/en\/wp-json\/wp\/v2\/pages\/3752\/revisions"}],"predecessor-version":[{"id":4697,"href":"https:\/\/mwmenergy.lat\/en\/wp-json\/wp\/v2\/pages\/3752\/revisions\/4697"}],"wp:featuredmedia":[{"embeddable":true,"href":"https:\/\/mwmenergy.lat\/en\/wp-json\/wp\/v2\/media\/3973"}],"wp:attachment":[{"href":"https:\/\/mwmenergy.lat\/en\/wp-json\/wp\/v2\/media?parent=3752"}],"wp:term":[{"taxonomy":"category","embeddable":true,"href":"https:\/\/mwmenergy.lat\/en\/wp-json\/wp\/v2\/categories?post=3752"},{"taxonomy":"post_tag","embeddable":true,"href":"https:\/\/mwmenergy.lat\/en\/wp-json\/wp\/v2\/tags?post=3752"},{"taxonomy":"dipi_cpt_category","embeddable":true,"href":"https:\/\/mwmenergy.lat\/en\/wp-json\/wp\/v2\/dipi_cpt_category?post=3752"}],"curies":[{"name":"wp","href":"https:\/\/api.w.org\/{rel}","templated":true}]}}