{"id":4429,"date":"2025-08-07T12:27:36","date_gmt":"2025-08-07T10:27:36","guid":{"rendered":"https:\/\/mwmenergy.lat\/we-support-ethical-choices-and-secure-reporting\/"},"modified":"2026-01-12T16:48:28","modified_gmt":"2026-01-12T15:48:28","slug":"whistleblower","status":"publish","type":"page","link":"https:\/\/mwmenergy.lat\/en\/whistleblower\/","title":{"rendered":"Supporting Ethical Choices and Safe Reporting"},"content":{"rendered":"<p>[et_pb_section fb_built=&#8221;1&#8243; module_class=&#8221;header subpage&#8221; _builder_version=&#8221;4.27.2&#8243; _module_preset=&#8221;default&#8221; background_color=&#8221;#0065A6&#8243; background_image=&#8221;https:\/\/mwmenergy.lat\/wp-content\/uploads\/2024\/10\/MWM-in-Latin-America.webp&#8221; background_position=&#8221;top_left&#8221; background_vertical_offset=&#8221;0%&#8221; custom_padding=&#8221;0px||0px||true|false&#8221; custom_css_main_element=&#8221;padding-top: 0 !important;&#8221; global_colors_info=&#8221;{}&#8221;][et_pb_row _builder_version=&#8221;4.27.2&#8243; _module_preset=&#8221;default&#8221; background_image=&#8221;https:\/\/mwmenergy.lat\/wp-content\/uploads\/2024\/10\/READY-for-the-energy-transition-3.webp&#8221; background_size=&#8221;initial&#8221; background_position=&#8221;top_left&#8221; background_horizontal_offset=&#8221;30%&#8221; background_vertical_offset=&#8221;40%&#8221; width=&#8221;100%&#8221; max_width=&#8221;none&#8221; custom_padding=&#8221;0px||0px||true|false&#8221; background_last_edited=&#8221;off|desktop&#8221; global_colors_info=&#8221;{}&#8221;][et_pb_column type=&#8221;4_4&#8243; _builder_version=&#8221;4.27.0&#8243; _module_preset=&#8221;default&#8221; global_colors_info=&#8221;{}&#8221;][et_pb_slider show_arrows=&#8221;off&#8221; show_pagination=&#8221;off&#8221; _builder_version=&#8221;4.27.2&#8243; _module_preset=&#8221;default&#8221; header_font=&#8221;||||||||&#8221; background_color=&#8221;RGBA(255,255,255,0)&#8221; background_image=&#8221;https:\/\/mwmenergy.lat\/wp-content\/uploads\/2024\/10\/header-subpage-slider-bg_mir.png&#8221; background_size=&#8221;contain&#8221; background_position=&#8221;bottom_center&#8221; min_height_tablet=&#8221;500px&#8221; min_height_phone=&#8221;300px&#8221; min_height_last_edited=&#8221;off|desktop&#8221; hover_transition_speed_curve=&#8221;ease-in-out&#8221; text_orientation_tablet=&#8221;&#8221; text_orientation_phone=&#8221;&#8221; text_orientation_last_edited=&#8221;on|tablet&#8221; global_colors_info=&#8221;{}&#8221;][et_pb_slide _builder_version=&#8221;4.27.0&#8243; _module_preset=&#8221;default&#8221; global_colors_info=&#8221;{}&#8221; sticky_transition=&#8221;on&#8221;][\/et_pb_slide][\/et_pb_slider][\/et_pb_column][\/et_pb_row][\/et_pb_section][et_pb_section fb_built=&#8221;1&#8243; module_id=&#8221;ipp&#8221; module_class=&#8221;content intro section&#8221; _builder_version=&#8221;4.27.2&#8243; _module_preset=&#8221;default&#8221; global_colors_info=&#8221;{}&#8221; custom_padding=&#8221;0px|||||&#8221;][et_pb_row _builder_version=&#8221;4.27.0&#8243; _module_preset=&#8221;default&#8221; custom_padding=&#8221;||0px|||&#8221; global_colors_info=&#8221;{}&#8221; theme_builder_area=&#8221;post_content&#8221;][et_pb_column type=&#8221;4_4&#8243; _builder_version=&#8221;4.27.0&#8243; _module_preset=&#8221;default&#8221; global_colors_info=&#8221;{}&#8221; theme_builder_area=&#8221;post_content&#8221;][dipi_breadcrumbs bc_home_icon=&#8221;on&#8221; _builder_version=&#8221;4.27.4&#8243; _module_preset=&#8221;default&#8221; global_colors_info=&#8221;{}&#8221; theme_builder_area=&#8221;post_content&#8221;][\/dipi_breadcrumbs][\/et_pb_column][\/et_pb_row][et_pb_row _builder_version=&#8221;4.27.0&#8243; _module_preset=&#8221;default&#8221; global_colors_info=&#8221;{}&#8221;][et_pb_column type=&#8221;4_4&#8243; _builder_version=&#8221;4.27.0&#8243; _module_preset=&#8221;default&#8221; global_colors_info=&#8221;{}&#8221;][et_pb_heading title=&#8221;Supporting Ethical Choices and Safe Reporting&#8221; _builder_version=&#8221;4.27.4&#8243; _module_preset=&#8221;default&#8221; custom_margin=&#8221;||0px||false|false&#8221; global_colors_info=&#8221;{}&#8221;][\/et_pb_heading][et_pb_text _builder_version=&#8221;4.27.4&#8243; _module_preset=&#8221;default&#8221; ol_text_color=&#8221;#004B72&#8243; ol_line_height=&#8221;1.35em&#8221; custom_margin=&#8221;50px||||false|false&#8221; custom_css_free_form=&#8221;.even {|| background: #e0f2fb;||}&#8221; global_colors_info=&#8221;{}&#8221;]We are committed to doing business the right way, responsibly, with integrity, and in line with the highest ethical standards. Our Code of Conduct helps guide our actions and decisions, ensuring we earn and keep the trust of our clients, communities, and each other.<\/p>\n<p><span>If you see or hear about something that doesn\u2019t feel right\u2014whether it\u2019s a legal, regulatory, or ethical issue, we encourage you to speak up. This includes concerns about:<\/span><\/p>\n<ol style=\"margin-left: 30px; color: #274561; line-height: 1.2em;\">\n<li>Fraudulent Activities<\/li>\n<li>Violations of Tax or Customs Regulations<\/li>\n<li>Non-Compliance with Sanctions and Embargoes<\/li>\n<li>Breaches of Data Protection and Privacy Laws<\/li>\n<li>Money Laundering and Terrorist Financing<\/li>\n<li>Corruption, Including Bribery and Improper Influence<\/li>\n<li>Infringements of Competition and Antitrust Legislation<\/li>\n<li>Conflicts of Interest<\/li>\n<li>Environmental or Human Rights Concerns within the Supply Chain<\/li>\n<li>Workplace Misconduct, Including Harassment and Discrimination<\/li>\n<li>Non-Adherence to Technical Compliance Standards<\/li>\n<\/ol>\n<p><span>Reports can be made anonymously. All concerns are treated with care and discretion by our Office of Best Practices and, when needed, our investigation teams to make sure they\u2019re properly followed up.<\/span><\/p>\n<p><span>To promote transparency and accountability, we adhere to the response timelines set by the EU Whistleblower Protection Directive (EU) 2019\/1937):<\/span><\/p>\n<ul>\n<li><strong><span>Acknowledgment<\/span><\/strong><span>: Reports are confirmed as being received within\u00a0<strong>7 calendar days<\/strong>.<\/span><\/li>\n<li><strong><span>Follow-up<\/span><\/strong><span>: Within\u00a0<strong>3 months<\/strong>\u00a0of acknowledgment, we provide updates on the investigation\u2019s progress or outcome. <\/span><\/li>\n<li><strong><span>Extensions<\/span><\/strong><span>: For particularly complex cases, the response period may be extended to\u00a0<strong>6 months<\/strong>, provided the integrity advocate is informed in advance and given a clear explanation.<\/span><\/li>\n<\/ul>\n<p>These timeframes help ensure that all concerns are addressed in a timely, fair, and thorough manner.<\/p>\n<p>We fully support integrity advocates and protect anyone who raises concerns in good faith under the Whistleblower Protection Act, which shields you from retaliation.<\/p>\n<p>You can report suspected misconduct involving our employees or representatives confidentially and anonymously via:<\/p>\n<p style=\"margin-bottom:0; padding-bottom:0;\">A. E-mail: <a href=\"&#109;&#x61;i&#108;&#x74;&#111;&#x3a;B&#117;&#x73;i&#x6e;&#x65;&#115;&#x73;P&#114;&#x61;c&#x74;&#x69;&#99;&#x65;s&#64;&#x63;&#97;&#x74;&#46;&#99;&#x6f;m\">&#x42;&#117;s&#x69;&#110;e&#x73;&#115;P&#x72;&#97;c&#x74;&#105;c&#x65;&#115;&#64;&#x63;&#97;t&#x2e;&#99;o&#x6d;<\/a><br \/>\nB. By Phone:<\/p>\n<details style=\"margin: 0 0 5px 20px;\">\n<summary>Hotline numbers<\/summary>\n<table class=\"reference-data\" border=\"0\" cellspacing=\"0\" cellpadding=\"0\">\n<colgroup>\n<col width=\"50%\" \/>\n<col width=\"50%\" \/><\/colgroup>\n<tbody>\n<tr class=\"odd\">\n<td><strong>Country<\/strong><\/td>\n<td><strong>Phone<\/strong><\/td>\n<\/tr>\n<tr class=\"even\">\n<td>Australia<\/td>\n<td>1-800-49-1791<\/td>\n<\/tr>\n<tr class=\"odd\">\n<td>Belgium<\/td>\n<td>0800-13 628<\/td>\n<\/tr>\n<tr class=\"even\">\n<td>Brazil<\/td>\n<td>0800-900-0042<\/td>\n<\/tr>\n<tr class=\"odd\">\n<td>Canada<\/td>\n<td>1-800-300-7898<\/td>\n<\/tr>\n<tr class=\"even\">\n<td>China<\/td>\n<td>4001200062<\/td>\n<\/tr>\n<tr class=\"odd\">\n<td>Czech Republic<\/td>\n<td>800-880-854<\/td>\n<\/tr>\n<tr class=\"even\">\n<td>France<\/td>\n<td>0800-90-87-84<\/td>\n<\/tr>\n<tr class=\"odd\">\n<td>Germany<\/td>\n<td>0800-182-0159<\/td>\n<\/tr>\n<tr class=\"even\">\n<td>Hungary<\/td>\n<td>06-80-020-141<\/td>\n<\/tr>\n<tr class=\"odd\">\n<td>India<\/td>\n<td>022-5097-2500<\/td>\n<\/tr>\n<tr class=\"even\">\n<td>Indonesia<\/td>\n<td>021-31141485<\/td>\n<\/tr>\n<tr class=\"odd\">\n<td>Italy (includes San Marino, Vatican City)<\/td>\n<td>800826914<\/td>\n<\/tr>\n<tr class=\"even\">\n<td>Japan<\/td>\n<td>0800-500-9525<\/td>\n<\/tr>\n<tr class=\"odd\">\n<td>Kazakhstan<\/td>\n<td>8 (727) 357 4043<\/td>\n<\/tr>\n<tr class=\"even\">\n<td>Korea<\/td>\n<td>00308-11-0555<\/td>\n<\/tr>\n<tr class=\"odd\">\n<td>Mexico<\/td>\n<td>8008721646<\/td>\n<\/tr>\n<tr class=\"even\">\n<td>Netherlands<\/td>\n<td>0800-0229851<\/td>\n<\/tr>\n<tr class=\"odd\">\n<td>Poland<\/td>\n<td>800005260<\/td>\n<\/tr>\n<tr class=\"even\">\n<td>Singapore<\/td>\n<td>8004922811<\/td>\n<\/tr>\n<tr class=\"odd\">\n<td>Slovak Republic<\/td>\n<td>0800-601-181<\/td>\n<\/tr>\n<tr class=\"even\">\n<td>South Africa<\/td>\n<td>080-098-2631<\/td>\n<\/tr>\n<tr class=\"odd\">\n<td>Spain<\/td>\n<td>900751127<\/td>\n<\/tr>\n<tr class=\"even\">\n<td>Sweden<\/td>\n<td>020-79-48-59<\/td>\n<\/tr>\n<tr class=\"odd\">\n<td>Switzerland<\/td>\n<td>0800 010 011<\/td>\n<\/tr>\n<tr class=\"even\">\n<td>Thailand<\/td>\n<td>1800018222<\/td>\n<\/tr>\n<tr class=\"odd\">\n<td>United Arab Emirates<\/td>\n<td>8000120286<\/td>\n<\/tr>\n<tr class=\"even\">\n<td>United Kingdom &amp; Northern Ireland<\/td>\n<td>0800-031-8509<\/td>\n<\/tr>\n<tr class=\"odd\">\n<td>United States (including U.S. Virgin Islands)<\/td>\n<td>1-800-300-7898<\/td>\n<\/tr>\n<\/tbody>\n<\/table>\n<\/details>\n<p>C. Online Reporting: <a href=\"https:\/\/caterpillar.ethicspoint.com\/\" target=\"_blank\" rel=\"noopener\">https:\/\/caterpillar.ethicspoint.com\/<\/a><br \/>\nD. In person: Contact the Caterpillar Energy Solutions GmbH Compliance Manager via <a href=\"&#109;a&#x69;l&#x74;o&#x3a;C&#x45;S&#x5f;C&#x6f;&#109;&#x70;&#108;&#x69;&#97;&#x6e;&#99;&#x65;&#64;&#x63;&#97;&#x74;&#46;c&#x6f;m\">&#x43;E&#x53;&#95;C&#x6f;&#109;&#x70;&#x6c;i&#x61;&#110;c&#x65;&#64;&#x63;&#97;t&#x2e;&#99;o&#x6d;<\/a>.<\/p>\n<p>If reporting within the organization is not possible or does not lead to action, concerns can be raised with official external bodies. This helps ensure that the issue is reviewed independently and fairly.<\/p>\n<p>Maintaining a culture of integrity is everyone&#8217;s responsibility. By staying alert, speaking up, and holding ourselves and others accountable, we help ensure that our workplace remains respectful, ethical, and compliant. Thank you for your commitment to doing what&#8217;s right.<\/p>\n<p>[\/et_pb_text][\/et_pb_column][\/et_pb_row][\/et_pb_section][et_pb_section fb_built=&#8221;1&#8243; module_id=&#8221;topics&#8221; module_class=&#8221;section tags&#8221; _builder_version=&#8221;4.27.0&#8243; _module_preset=&#8221;default&#8221; background_image=&#8221;https:\/\/mwmenergy.lat\/wp-content\/uploads\/2024\/09\/white2-bg-scaled.jpg&#8221; global_colors_info=&#8221;{}&#8221;][et_pb_row _builder_version=&#8221;4.27.0&#8243; _module_preset=&#8221;default&#8221; global_colors_info=&#8221;{}&#8221;][et_pb_column type=&#8221;4_4&#8243; _builder_version=&#8221;4.27.0&#8243; _module_preset=&#8221;default&#8221; global_colors_info=&#8221;{}&#8221;][et_pb_heading title=&#8221;Our main energy-related contents&#8221; _builder_version=&#8221;4.27.4&#8243; _module_preset=&#8221;default&#8221; title_level=&#8221;h2&#8243; global_colors_info=&#8221;{}&#8221;][\/et_pb_heading][et_pb_text _builder_version=&#8221;4.27.0&#8243; _module_preset=&#8221;default&#8221; global_colors_info=&#8221;{}&#8221;]<div class=\"tags-list\"><a href='https:\/\/mwmenergy.lat\/en\/tag\/25h2-kit\/' title='25H2-Kit Tag' class='25h2-kit' style='font-size: 12.947368421053px; background-color: #0095da;'>25H2-Kit<\/a> <a href='https:\/\/mwmenergy.lat\/en\/tag\/chp-plant\/' title='CHP Plant Tag' class='chp-plant' style='font-size: 23.368421052632px; background-color: #0364a8;'>CHP Plant<\/a> <a href='https:\/\/mwmenergy.lat\/en\/tag\/cogeneration-power-plant\/' title='Cogeneration Power Plant Tag' class='cogeneration-power-plant' style='font-size: 14.842105263158px; background-color: #0095da;'>Cogeneration Power Plant<\/a> <a href='https:\/\/mwmenergy.lat\/en\/tag\/cogeneration-power-plant-pt-br\/' title='Cogeneration Power Plant Tag' class='cogeneration-power-plant-pt-br' style='font-size: 12px; background-color: #0095da;'>Cogeneration Power Plant<\/a> <a href='https:\/\/mwmenergy.lat\/en\/tag\/combined-heat-and-power-chp\/' title='Combined Heat and Power (CHP) Tag' class='combined-heat-and-power-chp' style='font-size: 19.578947368421px; background-color: #0364a8;'>Combined Heat and Power (CHP)<\/a> <a href='https:\/\/mwmenergy.lat\/en\/tag\/combined-heat-and-power-generation\/' title='Combined Heat and Power Generation Tag' class='combined-heat-and-power-generation' style='font-size: 17.684210526316px; background-color: #0095da;'>Combined Heat and Power Generation<\/a> <a href='https:\/\/mwmenergy.lat\/en\/tag\/container-cogeneration-plant\/' title='Container Cogeneration Plant Tag' class='container-cogeneration-plant' style='font-size: 13.894736842105px; background-color: #0095da;'>Container Cogeneration Plant<\/a> <a href='https:\/\/mwmenergy.lat\/en\/tag\/descarbonizacion-pt-br\/' title='Descarbonizaci\u00f3n Tag' class='descarbonizacion-pt-br' style='font-size: 12px; background-color: #0095da;'>Descarbonizaci\u00f3n<\/a> <a href='https:\/\/mwmenergy.lat\/en\/tag\/distributed-power-generation\/' title='Distributed Power Generation Tag' class='distributed-power-generation' style='font-size: 17.684210526316px; background-color: #0095da;'>Distributed Power Generation<\/a> <a href='https:\/\/mwmenergy.lat\/en\/tag\/energy-transition\/' title='Energy Transition Tag' class='energy-transition' style='font-size: 16.736842105263px; background-color: #0095da;'>Energy Transition<\/a> <a href='https:\/\/mwmenergy.lat\/en\/tag\/fabricas-de-celulose-e-papel\/' title='F\u00e1bricas de Celulose e Papel Tag' class='fabricas-de-celulose-e-papel' style='font-size: 12px; background-color: #0095da;'>F\u00e1bricas de Celulose e Papel<\/a> <a href='https:\/\/mwmenergy.lat\/en\/tag\/gas-engine\/' title='Gas Engine Tag' class='gas-engine' style='font-size: 30px; background-color: #014572;'>Gas Engine<\/a> <a href='https:\/\/mwmenergy.lat\/en\/tag\/gas-de-depuradora-pt-br\/' title='Gas de Depuradora Tag' class='gas-de-depuradora-pt-br' style='font-size: 12px; background-color: #0095da;'>Gas de Depuradora<\/a> <a href='https:\/\/mwmenergy.lat\/en\/tag\/hydrogen\/' title='Hydrogen Tag' class='hydrogen' style='font-size: 15.789473684211px; background-color: #0095da;'>Hydrogen<\/a> <a href='https:\/\/mwmenergy.lat\/en\/tag\/planta-chp-pt-br\/' title='Planta CHP Tag' class='planta-chp-pt-br' style='font-size: 22.421052631579px; background-color: #0364a8;'>Planta CHP<\/a> <a href='https:\/\/mwmenergy.lat\/en\/tag\/power-generation\/' title='Power Generation Tag' class='power-generation' style='font-size: 13.894736842105px; background-color: #0095da;'>Power Generation<\/a> <a href='https:\/\/mwmenergy.lat\/en\/tag\/produccion-combinada-de-calor-y-electricidad-pt-br\/' title='Producci\u00f3n Combinada de Calor y Electricidad Tag' class='produccion-combinada-de-calor-y-electricidad-pt-br' style='font-size: 15.789473684211px; background-color: #0095da;'>Producci\u00f3n Combinada de Calor y Electricidad<\/a> <a href='https:\/\/mwmenergy.lat\/en\/tag\/productores-de-energia-y-produtores-independentes-de-energia-pt-br\/' title='Productores de Energ\u00eda y Produtores Independentes de Energia Tag' class='productores-de-energia-y-produtores-independentes-de-energia-pt-br' style='font-size: 12.947368421053px; background-color: #0095da;'>Productores de Energ\u00eda y Produtores Independentes de Energia<\/a> <a href='https:\/\/mwmenergy.lat\/en\/tag\/productores-de-energia-y-produtores-independentes-de-energia-ipp-pt-br\/' title='Productores de Energ\u00eda y Produtores Independentes de Energia (IPP) Tag' class='productores-de-energia-y-produtores-independentes-de-energia-ipp-pt-br' style='font-size: 12px; background-color: #0095da;'>Productores de Energ\u00eda y Produtores Independentes de Energia (IPP)<\/a> <a href='https:\/\/mwmenergy.lat\/en\/tag\/refinaria-e-petroquimica\/' title='Refinaria e Petroqu\u00edmica Tag' class='refinaria-e-petroquimica' style='font-size: 12px; background-color: #0095da;'>Refinaria e Petroqu\u00edmica<\/a> <a href='https:\/\/mwmenergy.lat\/en\/tag\/refineria-y-petroquimica-pt-br\/' title='Refiner\u00eda y Petroquimica Tag' class='refineria-y-petroquimica-pt-br' style='font-size: 12px; background-color: #0095da;'>Refiner\u00eda y Petroquimica<\/a> <a href='https:\/\/mwmenergy.lat\/en\/tag\/soluciones-energeticas-pt-br\/' title='Soluciones Energ\u00e9ticas Tag' class='soluciones-energeticas-pt-br' style='font-size: 12px; background-color: #0095da;'>Soluciones Energ\u00e9ticas<\/a> <a href='https:\/\/mwmenergy.lat\/en\/tag\/tcg-2020\/' title='TCG 2020 Tag' class='tcg-2020' style='font-size: 15.789473684211px; background-color: #0095da;'>TCG 2020<\/a> <a href='https:\/\/mwmenergy.lat\/en\/tag\/tcg-2032\/' title='TCG 2032 Tag' class='tcg-2032' style='font-size: 14.842105263158px; background-color: #0095da;'>TCG 2032<\/a> <a href='https:\/\/mwmenergy.lat\/en\/tag\/tcg-3016\/' title='TCG 3016 Tag' class='tcg-3016' style='font-size: 15.789473684211px; background-color: #0095da;'>TCG 3016<\/a> <a href='https:\/\/mwmenergy.lat\/en\/tag\/tcg-3016-v16-s\/' title='TCG 3016 V16 S Tag' class='tcg-3016-v16-s' style='font-size: 14.842105263158px; background-color: #0095da;'>TCG 3016 V16 S<\/a> <a href='https:\/\/mwmenergy.lat\/en\/tag\/tcg-3020\/' title='TCG 3020 Tag' class='tcg-3020' style='font-size: 14.842105263158px; background-color: #0095da;'>TCG 3020<\/a> <a href='https:\/\/mwmenergy.lat\/en\/tag\/transicion-energetica-pt-br\/' title='Transici\u00f3n Energ\u00e9tica Tag' class='transicion-energetica-pt-br' style='font-size: 12.947368421053px; background-color: #0095da;'>Transici\u00f3n Energ\u00e9tica<\/a> <a href='https:\/\/mwmenergy.lat\/en\/tag\/utilities-and-independent-power-producers-ipp\/' title='Utilities and Independent Power Producers (IPP) Tag' class='utilities-and-independent-power-producers-ipp' style='font-size: 15.789473684211px; background-color: #0095da;'>Utilities and Independent Power Producers (IPP)<\/a> <a href='https:\/\/mwmenergy.lat\/en\/tag\/waste-to-energy-wte\/' title='Waste to Energy (WtE) Tag' class='waste-to-energy-wte' style='font-size: 15.789473684211px; background-color: #0095da;'>Waste to Energy (WtE)<\/a> <\/div>[\/et_pb_text][et_pb_code _builder_version=&#8221;4.27.0&#8243; _module_preset=&#8221;default&#8221; global_colors_info=&#8221;{}&#8221;][\/et_pb_code][\/et_pb_column][\/et_pb_row][\/et_pb_section]<\/p>\n","protected":false},"excerpt":{"rendered":"<p><div class=\"et_pb_module dipi_breadcrumbs dipi_breadcrumbs_0\">\n\t\t\t\t\n\t\t\t\t\n\t\t\t\t\n\t\t\t\t\n\t\t\t\t\n\t\t\t\t\n\t\t\t\t<div class=\"et_pb_module_inner\">\n\t\t\t\t\t<div class=\"dipi-breadcrumbs dipi-bc-left\">\n                <ul >\n                    \n                                                        <li  class=\"dipi-breadcrumb-item dipi-breadcrumb-home\">\n\n                                                    <a  href=\"https:\/\/mwmenergy.lat\/en\/\">\n                                <span  content=\"Home\">\n                                    <span class=\"et-pb-icon dipi-home-icon\"><\/span>                                    MWM                                <\/span>\n                            <\/a>\n\n                                                <meta itemprop=\"position\" content=\"1\"\/>                    <\/li>\n\n                    <li class=\"dipi-breadcrumb-separator\">\n                    <span class=\"et-pb-icon dipi-separator-icon\">$<\/span>\n                <\/li>                            \n                <\/ul>\n            <\/div>\n\t\t\t\t<\/div>\n\t\t\t<\/div>We are committed to doing business the right way, responsibly, with integrity, and in line with the highest ethical standards. Our Code of Conduct helps guide our actions and decisions, ensuring we earn and keep the trust of our clients, communities, and each other. If you see or hear about [&hellip;]<\/p>\n","protected":false},"author":2,"featured_media":0,"parent":0,"menu_order":0,"comment_status":"closed","ping_status":"closed","template":"","meta":{"_et_pb_use_builder":"on","_et_pb_old_content":"","_et_gb_content_width":"","footnotes":""},"categories":[],"tags":[],"dipi_cpt_category":[],"class_list":["post-4429","page","type-page","status-publish","hentry"],"yoast_head":"<!-- This site is optimized with the Yoast SEO plugin v27.2 - https:\/\/yoast.com\/product\/yoast-seo-wordpress\/ -->\n<title>Supporting Ethical Choices and Safe Reporting - MWM<\/title>\n<meta name=\"robots\" content=\"index, follow, max-snippet:-1, max-image-preview:large, max-video-preview:-1\" \/>\n<link rel=\"canonical\" href=\"https:\/\/mwmenergy.lat\/en\/whistleblower\/\" \/>\n<meta property=\"og:locale\" content=\"en_US\" \/>\n<meta property=\"og:type\" content=\"article\" \/>\n<meta property=\"og:title\" content=\"Supporting Ethical Choices and Safe Reporting - MWM\" \/>\n<meta property=\"og:description\" content=\"We are committed to doing business the right way, responsibly, with integrity, and in line with the highest ethical standards. Our Code of Conduct helps guide our actions and decisions, ensuring we earn and keep the trust of our clients, communities, and each other. If you see or hear about [&hellip;]\" \/>\n<meta property=\"og:url\" content=\"https:\/\/mwmenergy.lat\/en\/whistleblower\/\" \/>\n<meta property=\"og:site_name\" content=\"MWM\" \/>\n<meta property=\"article:modified_time\" content=\"2026-01-12T15:48:28+00:00\" \/>\n<meta name=\"twitter:card\" content=\"summary_large_image\" \/>\n<meta name=\"twitter:label1\" content=\"Est. reading time\" \/>\n\t<meta name=\"twitter:data1\" content=\"3 minutes\" \/>\n<script type=\"application\/ld+json\" class=\"yoast-schema-graph\">{\"@context\":\"https:\/\/schema.org\",\"@graph\":[{\"@type\":\"WebPage\",\"@id\":\"https:\/\/mwmenergy.lat\/en\/whistleblower\/\",\"url\":\"https:\/\/mwmenergy.lat\/en\/whistleblower\/\",\"name\":\"Supporting Ethical Choices and Safe Reporting - MWM\",\"isPartOf\":{\"@id\":\"https:\/\/mwmenergy.lat\/en\/#website\"},\"datePublished\":\"2025-08-07T10:27:36+00:00\",\"dateModified\":\"2026-01-12T15:48:28+00:00\",\"breadcrumb\":{\"@id\":\"https:\/\/mwmenergy.lat\/en\/whistleblower\/#breadcrumb\"},\"inLanguage\":\"en-US\",\"potentialAction\":[{\"@type\":\"ReadAction\",\"target\":[\"https:\/\/mwmenergy.lat\/en\/whistleblower\/\"]}]},{\"@type\":\"BreadcrumbList\",\"@id\":\"https:\/\/mwmenergy.lat\/en\/whistleblower\/#breadcrumb\",\"itemListElement\":[{\"@type\":\"ListItem\",\"position\":1,\"name\":\"Startseite\",\"item\":\"https:\/\/mwmenergy.lat\/en\/\"},{\"@type\":\"ListItem\",\"position\":2,\"name\":\"Supporting Ethical Choices and Safe Reporting\"}]},{\"@type\":\"WebSite\",\"@id\":\"https:\/\/mwmenergy.lat\/en\/#website\",\"url\":\"https:\/\/mwmenergy.lat\/en\/\",\"name\":\"MWM\",\"description\":\"READY for new power\",\"potentialAction\":[{\"@type\":\"SearchAction\",\"target\":{\"@type\":\"EntryPoint\",\"urlTemplate\":\"https:\/\/mwmenergy.lat\/en\/?s={search_term_string}\"},\"query-input\":{\"@type\":\"PropertyValueSpecification\",\"valueRequired\":true,\"valueName\":\"search_term_string\"}}],\"inLanguage\":\"en-US\"}]}<\/script>\n<!-- \/ Yoast SEO plugin. -->","yoast_head_json":{"title":"Supporting Ethical Choices and Safe Reporting - MWM","robots":{"index":"index","follow":"follow","max-snippet":"max-snippet:-1","max-image-preview":"max-image-preview:large","max-video-preview":"max-video-preview:-1"},"canonical":"https:\/\/mwmenergy.lat\/en\/whistleblower\/","og_locale":"en_US","og_type":"article","og_title":"Supporting Ethical Choices and Safe Reporting - MWM","og_description":"We are committed to doing business the right way, responsibly, with integrity, and in line with the highest ethical standards. Our Code of Conduct helps guide our actions and decisions, ensuring we earn and keep the trust of our clients, communities, and each other. If you see or hear about [&hellip;]","og_url":"https:\/\/mwmenergy.lat\/en\/whistleblower\/","og_site_name":"MWM","article_modified_time":"2026-01-12T15:48:28+00:00","twitter_card":"summary_large_image","twitter_misc":{"Est. reading time":"3 minutes"},"schema":{"@context":"https:\/\/schema.org","@graph":[{"@type":"WebPage","@id":"https:\/\/mwmenergy.lat\/en\/whistleblower\/","url":"https:\/\/mwmenergy.lat\/en\/whistleblower\/","name":"Supporting Ethical Choices and Safe Reporting - MWM","isPartOf":{"@id":"https:\/\/mwmenergy.lat\/en\/#website"},"datePublished":"2025-08-07T10:27:36+00:00","dateModified":"2026-01-12T15:48:28+00:00","breadcrumb":{"@id":"https:\/\/mwmenergy.lat\/en\/whistleblower\/#breadcrumb"},"inLanguage":"en-US","potentialAction":[{"@type":"ReadAction","target":["https:\/\/mwmenergy.lat\/en\/whistleblower\/"]}]},{"@type":"BreadcrumbList","@id":"https:\/\/mwmenergy.lat\/en\/whistleblower\/#breadcrumb","itemListElement":[{"@type":"ListItem","position":1,"name":"Startseite","item":"https:\/\/mwmenergy.lat\/en\/"},{"@type":"ListItem","position":2,"name":"Supporting Ethical Choices and Safe Reporting"}]},{"@type":"WebSite","@id":"https:\/\/mwmenergy.lat\/en\/#website","url":"https:\/\/mwmenergy.lat\/en\/","name":"MWM","description":"READY for new power","potentialAction":[{"@type":"SearchAction","target":{"@type":"EntryPoint","urlTemplate":"https:\/\/mwmenergy.lat\/en\/?s={search_term_string}"},"query-input":{"@type":"PropertyValueSpecification","valueRequired":true,"valueName":"search_term_string"}}],"inLanguage":"en-US"}]}},"_links":{"self":[{"href":"https:\/\/mwmenergy.lat\/en\/wp-json\/wp\/v2\/pages\/4429","targetHints":{"allow":["GET"]}}],"collection":[{"href":"https:\/\/mwmenergy.lat\/en\/wp-json\/wp\/v2\/pages"}],"about":[{"href":"https:\/\/mwmenergy.lat\/en\/wp-json\/wp\/v2\/types\/page"}],"author":[{"embeddable":true,"href":"https:\/\/mwmenergy.lat\/en\/wp-json\/wp\/v2\/users\/2"}],"replies":[{"embeddable":true,"href":"https:\/\/mwmenergy.lat\/en\/wp-json\/wp\/v2\/comments?post=4429"}],"version-history":[{"count":16,"href":"https:\/\/mwmenergy.lat\/en\/wp-json\/wp\/v2\/pages\/4429\/revisions"}],"predecessor-version":[{"id":4696,"href":"https:\/\/mwmenergy.lat\/en\/wp-json\/wp\/v2\/pages\/4429\/revisions\/4696"}],"wp:attachment":[{"href":"https:\/\/mwmenergy.lat\/en\/wp-json\/wp\/v2\/media?parent=4429"}],"wp:term":[{"taxonomy":"category","embeddable":true,"href":"https:\/\/mwmenergy.lat\/en\/wp-json\/wp\/v2\/categories?post=4429"},{"taxonomy":"post_tag","embeddable":true,"href":"https:\/\/mwmenergy.lat\/en\/wp-json\/wp\/v2\/tags?post=4429"},{"taxonomy":"dipi_cpt_category","embeddable":true,"href":"https:\/\/mwmenergy.lat\/en\/wp-json\/wp\/v2\/dipi_cpt_category?post=4429"}],"curies":[{"name":"wp","href":"https:\/\/api.w.org\/{rel}","templated":true}]}}